{"id":87,"date":"2021-11-25T20:18:44","date_gmt":"2021-11-25T19:18:44","guid":{"rendered":"https:\/\/ai.sumurdigital.com\/?page_id=87"},"modified":"2022-09-06T11:29:17","modified_gmt":"2022-09-06T09:29:17","slug":"politica-de-cookies","status":"publish","type":"page","link":"https:\/\/ai.sumurdigital.com\/?page_id=87","title":{"rendered":"Pol\u00edtica de cookies"},"content":{"rendered":"\t\t<div data-elementor-type=\"wp-page\" data-elementor-id=\"87\" class=\"elementor elementor-87\" data-elementor-post-type=\"page\">\n\t\t\t\t\t\t\t\t\t<section class=\"elementor-section elementor-top-section elementor-element elementor-element-a802df3 elementor-section-boxed elementor-section-height-default elementor-section-height-default\" data-id=\"a802df3\" data-element_type=\"section\" data-settings=\"{&quot;jet_parallax_layout_list&quot;:[{&quot;jet_parallax_layout_image&quot;:{&quot;url&quot;:&quot;&quot;,&quot;id&quot;:&quot;&quot;,&quot;size&quot;:&quot;&quot;},&quot;_id&quot;:&quot;762e3da&quot;,&quot;jet_parallax_layout_image_laptop&quot;:{&quot;url&quot;:&quot;&quot;,&quot;id&quot;:&quot;&quot;,&quot;size&quot;:&quot;&quot;},&quot;jet_parallax_layout_image_tablet&quot;:{&quot;url&quot;:&quot;&quot;,&quot;id&quot;:&quot;&quot;,&quot;size&quot;:&quot;&quot;},&quot;jet_parallax_layout_image_mobile&quot;:{&quot;url&quot;:&quot;&quot;,&quot;id&quot;:&quot;&quot;,&quot;size&quot;:&quot;&quot;},&quot;jet_parallax_layout_speed&quot;:{&quot;unit&quot;:&quot;%&quot;,&quot;size&quot;:50,&quot;sizes&quot;:[]},&quot;jet_parallax_layout_type&quot;:&quot;scroll&quot;,&quot;jet_parallax_layout_direction&quot;:null,&quot;jet_parallax_layout_fx_direction&quot;:null,&quot;jet_parallax_layout_z_index&quot;:&quot;&quot;,&quot;jet_parallax_layout_bg_x&quot;:50,&quot;jet_parallax_layout_bg_x_laptop&quot;:&quot;&quot;,&quot;jet_parallax_layout_bg_x_tablet&quot;:&quot;&quot;,&quot;jet_parallax_layout_bg_x_mobile&quot;:&quot;&quot;,&quot;jet_parallax_layout_bg_y&quot;:50,&quot;jet_parallax_layout_bg_y_laptop&quot;:&quot;&quot;,&quot;jet_parallax_layout_bg_y_tablet&quot;:&quot;&quot;,&quot;jet_parallax_layout_bg_y_mobile&quot;:&quot;&quot;,&quot;jet_parallax_layout_bg_size&quot;:&quot;auto&quot;,&quot;jet_parallax_layout_bg_size_laptop&quot;:&quot;&quot;,&quot;jet_parallax_layout_bg_size_tablet&quot;:&quot;&quot;,&quot;jet_parallax_layout_bg_size_mobile&quot;:&quot;&quot;,&quot;jet_parallax_layout_animation_prop&quot;:&quot;transform&quot;,&quot;jet_parallax_layout_on&quot;:[&quot;desktop&quot;,&quot;tablet&quot;]}]}\">\n\t\t\t\t\t\t<div class=\"elementor-container elementor-column-gap-default\">\n\t\t\t\t\t<div class=\"elementor-column elementor-col-100 elementor-top-column elementor-element elementor-element-61c705f\" data-id=\"61c705f\" data-element_type=\"column\">\n\t\t\t<div class=\"elementor-widget-wrap elementor-element-populated\">\n\t\t\t\t\t\t\t\t<div class=\"elementor-element elementor-element-85bd689 elementor-widget elementor-widget-heading\" data-id=\"85bd689\" data-element_type=\"widget\" data-widget_type=\"heading.default\">\n\t\t\t\t<div class=\"elementor-widget-container\">\n\t\t\t<style>\/*! elementor - v3.15.0 - 02-08-2023 *\/\n.elementor-heading-title{padding:0;margin:0;line-height:1}.elementor-widget-heading .elementor-heading-title[class*=elementor-size-]>a{color:inherit;font-size:inherit;line-height:inherit}.elementor-widget-heading .elementor-heading-title.elementor-size-small{font-size:15px}.elementor-widget-heading .elementor-heading-title.elementor-size-medium{font-size:19px}.elementor-widget-heading .elementor-heading-title.elementor-size-large{font-size:29px}.elementor-widget-heading .elementor-heading-title.elementor-size-xl{font-size:39px}.elementor-widget-heading .elementor-heading-title.elementor-size-xxl{font-size:59px}<\/style><h1 class=\"elementor-heading-title elementor-size-default\">Pol\u00edtica de Cookies<\/h1>\t\t<\/div>\n\t\t\t\t<\/div>\n\t\t\t\t<div class=\"elementor-element elementor-element-8fcbbe5 aviso_legal elementor-widget elementor-widget-text-editor\" data-id=\"8fcbbe5\" data-element_type=\"widget\" data-widget_type=\"text-editor.default\">\n\t\t\t\t<div class=\"elementor-widget-container\">\n\t\t\t<style>\/*! elementor - v3.15.0 - 02-08-2023 *\/\n.elementor-widget-text-editor.elementor-drop-cap-view-stacked .elementor-drop-cap{background-color:#69727d;color:#fff}.elementor-widget-text-editor.elementor-drop-cap-view-framed .elementor-drop-cap{color:#69727d;border:3px solid;background-color:transparent}.elementor-widget-text-editor:not(.elementor-drop-cap-view-default) .elementor-drop-cap{margin-top:8px}.elementor-widget-text-editor:not(.elementor-drop-cap-view-default) .elementor-drop-cap-letter{width:1em;height:1em}.elementor-widget-text-editor .elementor-drop-cap{float:left;text-align:center;line-height:1;font-size:50px}.elementor-widget-text-editor .elementor-drop-cap-letter{display:inline-block}<\/style>\t\t\t\t<h2>1. Definici\u00f3n y funci\u00f3n gen\u00e9rica de las cookies.<\/h2>\n<p><strong>23 DIGITAL STUDIO S.L<\/strong>, titular de este sitio web <strong><a href=\"https:\/\/www.sumurdigital.com\/\" target=\"_blank\" rel=\"noopener\">https:\/\/www.sumurdigital.com\/<\/a> <\/strong>informa que se utilizan cookies y\/o tecnolog\u00edas similares que almacenan y recuperan informaci\u00f3n cuando navegas. En general, estas tecnolog\u00edas pueden servir para finalidades muy diversas, como, por ejemplo, reconocerte como usuario, obtener informaci\u00f3n sobre tus h\u00e1bitos de navegaci\u00f3n, o personalizar la forma en que se muestra el contenido. Los usos concretos que hacemos de estas tecnolog\u00edas se describen a continuaci\u00f3n.<\/p>\n<h2>2. Informaci\u00f3n sobre el tipo de cookies que se utilizan y su finalidad.<\/h2>\n<ul>\n<li><strong>T\u00e9cnicas:<\/strong> Son aquellas necesarias para la navegaci\u00f3n y el buen funcionamiento de nuestro website. Permiten, por ejemplo, controlar el tr\u00e1fico y la comunicaci\u00f3n de datos, acceder a partes de acceso restringido, realizar el proceso de compra de un pedido, utilizar elementos de seguridad, almacenar contenidos para poder difundir v\u00eddeos o compartir contenidos a trav\u00e9s de redes sociales.<\/li>\n<li><strong>De personalizaci\u00f3n:<\/strong> Son aqu\u00e9llas que permiten al Usuario acceder al servicio con unas caracter\u00edsticas predefinidas en funci\u00f3n de una serie de criterios, como por ejemplo el idioma, el tipo de navegador a trav\u00e9s del cual se accede al servicio, la configuraci\u00f3n regional desde donde se accede al servicio, etc.<\/li>\n<li><strong>De an\u00e1lisis:<\/strong> son aquellas que, tratadas por nosotros o por terceros, nos permiten cuantificar el n\u00famero de usuarios y as\u00ed realizar la medici\u00f3n y an\u00e1lisis estad\u00edstico de la utilizaci\u00f3n que hacen los usuarios del servicio ofertado. Para ello se analiza su navegaci\u00f3n en nuestra p\u00e1gina web con el fin de mejorar la oferta de productos o servicios que le ofrecemos.<\/li>\n<li><strong>Publicitarias:<\/strong> Son aqu\u00e9llas que permiten la gesti\u00f3n, de la forma m\u00e1s eficaz posible, de los espacios publicitarios que se pudieran incluir en nuestro website.<\/li>\n<li><strong>Publicitarias comportamentales: <\/strong>son aquellas que, tratadas por nosotros o por terceros, nos permiten analizar sus h\u00e1bitos de navegaci\u00f3n en Internet para que podamos mostrarle publicidad relacionada con su perfil de navegaci\u00f3n.<\/li>\n<\/ul>\n<h2>3. Identificaci\u00f3n de qui\u00e9n utilizalas cookies.<\/h2>\n<p>La informaci\u00f3n obtenida por las cookies es tratada solo por nuestro editor y\/o tambi\u00e9n por terceros con el nuestro editor haya contratado la prestaci\u00f3n de un servicio para el cual se requiera el uso de cookies.<\/p>\n<ul>\n<li><strong>Cookies propias:<\/strong> Son aquellas que se env\u00edan a su equipo desde nuestros propios equipos o dominios y desde el que prestamos el servicio que nos solicita.<\/li>\n<li><strong>Cookies de terceros:<\/strong> Son aquellas que se env\u00edan a su equipo desde un equipo o dominio que no es gestionado por nosotros, sino por otra entidad colaboradora. Como, por ejemplo, las usadas por redes sociales, o por contenido externo como Google Maps.<\/li>\n<\/ul>\n<h2>4. Puede usted permitir o bloquear las cookies, as\u00ed como borrar sus datos de navegaci\u00f3n (incluidas las cookies).<\/h2>\n<p>Desde el navegador que usted utiliza. Consulte las opciones e instrucciones que ofrece su navegador para ello. Tenga en cuenta que, si acepta las cookies de terceros, deber\u00e1 eliminarlas desde las opciones del navegador.<\/p>\n<p>Para cambiar ajustes de privacidad y cookies: <a href=\"#gdpr_cookie_modal\">Haz clik aqu\u00ed<\/a><\/p>\n<h2>5. No realizamos transferencias de datos a terceros pa\u00edses realizadas por el editor.<\/h2>\n<p>Puedes informarte de las transferencias a terceros pa\u00edses que, en su caso, realizan los terceros identificados en esta pol\u00edtica de cookies en sus correspondientes pol\u00edticas (ver los enlaces facilitados en el apartado \u201cCookies de terceros\u201d).<\/p>\n<h2>6. La elaboraci\u00f3n de perfiles que realizamos implica la toma de decisiones automatizadas con efectos jur\u00eddicos para el usuario o que le afectan significativamente de modo similar.<\/h2>\n<h2>7. Periodo de conservaci\u00f3n de los datos para los diferentes fines en los t\u00e9rminos establecidos en el art\u00edculo 13.2 a) del RGPD:<\/h2>\n<ul>\n<li><strong>Cookies de sesi\u00f3n:<\/strong> Son cookies temporales que permanecen en el archivo de cookies de su navegador hasta que el Usuario abandona la p\u00e1gina web, por lo que ninguna queda registrada en el disco duro de su ordenador. La informaci\u00f3n obtenida por medio de estas cookies, sirven para analizar pautas de tr\u00e1fico en el website. A la larga, esto nos permite proporcionar una mejor experiencia para mejorar el contenido y facilitar su uso.<\/li>\n<li><strong>Cookies persistentes:<\/strong> son almacenadas en el disco duro y nuestra web las lee cada vez que el Usuario realiza una nueva visita. Una cookie permanente posee una fecha de expiraci\u00f3n determinada. La cookie dejar\u00e1 de funcionar despu\u00e9s de esa fecha. Estas cookies las utilizamos, generalmente, para facilitar los servicios de compra y registro.<\/li>\n<\/ul>\n<h2>8. En relaci\u00f3n con el resto de informaci\u00f3n exigida por el art\u00edculo 13 RGPD.<\/h2>\n<p>Puedes verlas <a href=\"\/aviso-legal\/\" target=\"_blank\" rel=\"noopener noreferrer\">aqu\u00ed<\/a>.<\/p>\n<h2>9. Finalidad de cada una de las cookies utilizadas:<\/h2>\n<p>Las cookies utilizadas en esta web no recogen datos de car\u00e1cter personal.<\/p>\n<p>&nbsp;<\/p>\n<table class=\"cookielawinfo-row-cat-table cookielawinfo-classic\"><thead><tr><th class=\"cookielawinfo-column-1\">Cookie<\/th><th class=\"cookielawinfo-column-4\">Descripci\u00f3n<\/th><\/tr><\/thead><tbody><tr class=\"cookielawinfo-row\"><td class=\"cookielawinfo-column-1\">cookielawinfo-checkbox-advertisement<\/td><td class=\"cookielawinfo-column-4\">Set by the GDPR Cookie Consent plugin, this cookie is used to record the user consent for the cookies in the \u00abAdvertisement\u00bb category .<\/td><\/tr><tr class=\"cookielawinfo-row\"><td class=\"cookielawinfo-column-1\">cookielawinfo-checkbox-analytics<\/td><td class=\"cookielawinfo-column-4\">This cookie is set by GDPR Cookie Consent plugin. The cookie is used to store the user consent for the cookies in the category \u00abAnalytics\u00bb.<\/td><\/tr><tr class=\"cookielawinfo-row\"><td class=\"cookielawinfo-column-1\">cookielawinfo-checkbox-functional<\/td><td class=\"cookielawinfo-column-4\">The cookie is set by GDPR cookie consent to record the user consent for the cookies in the category \u00abFunctional\u00bb.<\/td><\/tr><tr class=\"cookielawinfo-row\"><td class=\"cookielawinfo-column-1\">cookielawinfo-checkbox-necessary<\/td><td class=\"cookielawinfo-column-4\">This cookie is set by GDPR Cookie Consent plugin. The cookies is used to store the user consent for the cookies in the category \u00abNecessary\u00bb.<\/td><\/tr><tr class=\"cookielawinfo-row\"><td class=\"cookielawinfo-column-1\">cookielawinfo-checkbox-others<\/td><td class=\"cookielawinfo-column-4\">This cookie is set by GDPR Cookie Consent plugin. The cookie is used to store the user consent for the cookies in the category \u00abOther.<\/td><\/tr><tr class=\"cookielawinfo-row\"><td class=\"cookielawinfo-column-1\">cookielawinfo-checkbox-performance<\/td><td class=\"cookielawinfo-column-4\">This cookie is set by GDPR Cookie Consent plugin. The cookie is used to store the user consent for the cookies in the category \u00abPerformance\u00bb.<\/td><\/tr><tr class=\"cookielawinfo-row\"><td class=\"cookielawinfo-column-1\">elementor<\/td><td class=\"cookielawinfo-column-4\">This cookie is used by the website&#8217;s WordPress theme. It allows the website owner to implement or change the website&#8217;s content in real-time.<\/td><\/tr><tr class=\"cookielawinfo-row\"><td class=\"cookielawinfo-column-1\">PHPSESSID<\/td><td class=\"cookielawinfo-column-4\">This cookie is native to PHP applications. The cookie is used to store and identify a users&#8217; unique session ID for the purpose of managing user session on the website. The cookie is a session cookies and is deleted when all the browser windows are closed.<\/td><\/tr><tr class=\"cookielawinfo-row\"><td class=\"cookielawinfo-column-1\">viewed_cookie_policy<\/td><td class=\"cookielawinfo-column-4\">The cookie is set by the GDPR Cookie Consent plugin and is used to store whether or not user has consented to the use of cookies. It does not store any personal data.<\/td><\/tr><\/tbody><\/table>\n<p>&nbsp;<\/p>\n<p><strong>\u00bfC\u00f3mo puede el Usuario configurar o deshabilitar las cookies?<\/strong><\/p>\n<p>Puede permitir, bloquear o eliminar las cookies instaladas en su equipo mediante la configuraci\u00f3n de las opciones de su navegador de Internet. En caso de que no permita la instalaci\u00f3n de cookies en su navegador es posible que no pueda acceder a algunos de los servicios y que su experiencia en el website pueda resultar menos satisfactoria.<\/p>\n<ul>\n<li><strong>Internet Explorer: Versi\u00f3n 5<\/strong><br \/>\n<a href=\"http:\/\/support.microsoft.com\/kb\/196955\/es\" target=\"_blank\" rel=\"noopener\">http:\/\/support.microsoft.com\/kb\/196955\/es<\/a><\/li>\n<li><strong>Internet Explorer: Versi\u00f3n 6<\/strong><br \/>\n<a href=\"http:\/\/support.microsoft.com\/kb\/283185\/es\" target=\"_blank\" rel=\"noopener\">http:\/\/support.microsoft.com\/kb\/283185\/es<\/a><\/li>\n<li><strong>Internet Explorer: Versi\u00f3n 7 y 8<\/strong><br \/>\n<a href=\"http:\/\/windows.microsoft.com\/es-ES\/windows-vista\/Block-or-allow-cookies\" target=\"_blank\" rel=\"noopener\">http:\/\/windows.microsoft.com\/es-ES\/windows-vista\/Block-or-allow-cookies<\/a><\/li>\n<li><strong>Internet Explorer: Versi\u00f3n 9<\/strong><br \/>\n<a href=\"http:\/\/windows.microsoft.com\/es-ES\/windows7\/How-to-manage-cookies-in-Internet-Explorer-9\" target=\"_blank\" rel=\"noopener\">http:\/\/windows.microsoft.com\/es-ES\/windows7\/How-to-manage-cookies-in-Internet-Explorer-9<\/a><\/li>\n<li><strong>Safari:<\/strong><br \/>\n<a href=\"http:\/\/support.apple.com\/kb\/PH5042?viewlocale=es_ES\" target=\"_blank\" rel=\"noopener\">http:\/\/support.apple.com\/kb\/PH5042?viewlocale=es_ES<\/a> <a href=\"http:\/\/support.apple.com\/kb\/HT1677?viewlocale=es_ES\" target=\"_blank\" rel=\"noopener\">http:\/\/support.apple.com\/kb\/HT1677?viewlocale=es_ES<\/a><\/li>\n<li><strong>Google: <\/strong><br \/>\n<a href=\"https:\/\/support.google.com\/chrome\/answer\/95647?hl=es&amp;hlrm=en\" target=\"_blank\" rel=\"noopener\">https:\/\/support.google.com\/chrome\/answer\/95647?hl=es&amp;hlrm=en<\/a><\/li>\n<li><strong>Firefox:<\/strong><br \/>\n<a href=\"http:\/\/support.mozilla.org\/es\/kb\/cookies-informacion-que-los-sitios-web-guardan-en-?redirectlocale=en-US&amp;redirectslug=Cookies\" target=\"_blank\" rel=\"noopener\">http:\/\/support.mozilla.org\/es\/kb\/cookies-informacion-que-los-sitios-web-guardan-en-?redirectlocale=en-US&amp;redirectslug=Cookies<\/a><\/li>\n<li><strong>Opera:<\/strong><br \/>\n<a href=\"http:\/\/help.opera.com\/Windows\/11.50\/es-ES\/cookies.html\" target=\"_blank\" rel=\"noopener\">http:\/\/help.opera.com\/Windows\/11.50\/es-ES\/cookies.html<\/a><\/li>\n<li><strong>Android<\/strong><br \/>\n<a href=\"http:\/\/support.google.com\/android\/?hl=es\" target=\"_blank\" rel=\"noopener\">http:\/\/support.google.com\/android\/?hl=es<\/a><\/li>\n<li><strong>Windows Phone<\/strong><br \/>\n<a href=\"http:\/\/www.windowsphone.com\/es-ES\/how-to\/wp7\/web\/changing-privacy-and-other-browser-settings\" target=\"_blank\" rel=\"noopener\">http:\/\/www.windowsphone.com\/es-ES\/how-to\/wp7\/web\/changing-privacy-and-other-browser-settings<\/a><\/li>\n<li><strong>Blackberry<\/strong><br \/>\n<a href=\"http:\/\/docs.blackberry.com\/en\/smartphone_users\/deliverables\/18578\/Turn_off_cookies_in_the_browser_60_1072866_11.jsp\" target=\"_blank\" rel=\"noopener\">http:\/\/docs.blackberry.com\/en\/smartphone_users\/deliverables\/18578\/Turn_off_cookies_in_the_browser_60_1072866_11.jsp<\/a><\/li>\n<\/ul>\n<p>Le informamos, no obstante, de la posibilidad de que la desactivaci\u00f3n de alguna cookie impida o dificulte la navegaci\u00f3n o la prestaci\u00f3n de los servicios ofrecidos en esta Web<em>.<\/em><\/p>\n<h2>Notas adicionales<\/h2>\n<ul>\n<li>Ni esta web ni sus representantes legales se hacen responsables ni del contenido ni de la veracidad de las pol\u00edticas de privacidad que puedan tener los terceros mencionados en la <a href=\"\/aviso-legal\/\" target=\"_blank\" rel=\"noopener noreferrer\">Aviso Legal<\/a>.<\/li>\n<li>Los navegadores web son las herramientas encargadas de almacenar las cookies y desde este lugar debes efectuar tu derecho a eliminaci\u00f3n o desactivaci\u00f3n de las mismas. Ni esta web ni sus representantes legales pueden garantizar la correcta o incorrecta manipulaci\u00f3n de las cookies por parte de los mencionados navegadores.<\/li>\n<li>En algunos casos es necesario instalar cookies para que el navegador no olvide tu decisi\u00f3n de no aceptaci\u00f3n de las mismas.<\/li>\n<li>En el caso de las cookies de Google Analytics, esta empresa almacena las cookies en servidores ubicados en Estados Unidos y se compromete a no compartirla con terceros, excepto en los casos en los que sea necesario para el funcionamiento del sistema o cuando la ley obligue a tal efecto. Seg\u00fan Google no guarda tu direcci\u00f3n IP. Google Inc. es una compa\u00f1\u00eda adherida al Acuerdo de Puerto Seguro que garantiza que todos los datos transferidos ser\u00e1n tratados con un nivel de protecci\u00f3n acorde a la normativa europea. Si deseas informaci\u00f3n sobre el uso que Google da a las cookies <a href=\"https:\/\/developers.google.com\/analytics\/devguides\/collection\/analyticsjs\/cookie-usage?hl=es&amp;csw=1\" target=\"_blank\" rel=\"noopener noreferrer\">te adjuntamos este enlace<\/a>.<\/li>\n<\/ul>\n\t\t\t\t\t\t<\/div>\n\t\t\t\t<\/div>\n\t\t\t\t\t<\/div>\n\t\t<\/div>\n\t\t\t\t\t\t\t<\/div>\n\t\t<\/section>\n\t\t\t\t\t\t\t<\/div>\n\t\t","protected":false},"excerpt":{"rendered":"<p>Pol\u00edtica de Cookies<\/p>\n","protected":false},"author":1,"featured_media":0,"parent":0,"menu_order":0,"comment_status":"closed","ping_status":"closed","template":"elementor_header_footer","meta":{"inline_featured_image":false,"footnotes":""},"class_list":["post-87","page","type-page","status-publish","hentry"],"yoast_head":"<!-- This site is optimized with the Yoast SEO plugin v27.3 - https:\/\/yoast.com\/product\/yoast-seo-wordpress\/ -->\n<title>Pol\u00edtica de cookies - Sumurdigital<\/title>\n<meta name=\"robots\" content=\"noindex, nofollow\" \/>\n<meta property=\"og:locale\" content=\"es_ES\" \/>\n<meta property=\"og:type\" content=\"article\" \/>\n<meta property=\"og:title\" content=\"Pol\u00edtica de cookies - Sumurdigital\" \/>\n<meta property=\"og:description\" content=\"Pol\u00edtica de Cookies\" \/>\n<meta property=\"og:url\" content=\"https:\/\/ai.sumurdigital.com\/?page_id=87\" \/>\n<meta property=\"og:site_name\" content=\"Sumurdigital\" \/>\n<meta property=\"article:modified_time\" content=\"2022-09-06T09:29:17+00:00\" \/>\n<meta name=\"twitter:card\" content=\"summary_large_image\" \/>\n<meta name=\"twitter:label1\" content=\"Tiempo de lectura\" \/>\n\t<meta name=\"twitter:data1\" content=\"5 minutos\" \/>\n<script type=\"application\/ld+json\" class=\"yoast-schema-graph\">{\"@context\":\"https:\\\/\\\/schema.org\",\"@graph\":[{\"@type\":\"WebPage\",\"@id\":\"https:\\\/\\\/ai.sumurdigital.com\\\/?page_id=87\",\"url\":\"https:\\\/\\\/ai.sumurdigital.com\\\/?page_id=87\",\"name\":\"Pol\u00edtica de cookies - Sumurdigital\",\"isPartOf\":{\"@id\":\"https:\\\/\\\/ai.sumurdigital.com\\\/#website\"},\"datePublished\":\"2021-11-25T19:18:44+00:00\",\"dateModified\":\"2022-09-06T09:29:17+00:00\",\"breadcrumb\":{\"@id\":\"https:\\\/\\\/ai.sumurdigital.com\\\/?page_id=87#breadcrumb\"},\"inLanguage\":\"es\",\"potentialAction\":[{\"@type\":\"ReadAction\",\"target\":[\"https:\\\/\\\/ai.sumurdigital.com\\\/?page_id=87\"]}]},{\"@type\":\"BreadcrumbList\",\"@id\":\"https:\\\/\\\/ai.sumurdigital.com\\\/?page_id=87#breadcrumb\",\"itemListElement\":[{\"@type\":\"ListItem\",\"position\":1,\"name\":\"Portada\",\"item\":\"https:\\\/\\\/ai.sumurdigital.com\\\/\"},{\"@type\":\"ListItem\",\"position\":2,\"name\":\"Pol\u00edtica de cookies\"}]},{\"@type\":\"WebSite\",\"@id\":\"https:\\\/\\\/ai.sumurdigital.com\\\/#website\",\"url\":\"https:\\\/\\\/ai.sumurdigital.com\\\/\",\"name\":\"Sumurdigital\",\"description\":\"Demo Web\",\"publisher\":{\"@id\":\"https:\\\/\\\/ai.sumurdigital.com\\\/#organization\"},\"potentialAction\":[{\"@type\":\"SearchAction\",\"target\":{\"@type\":\"EntryPoint\",\"urlTemplate\":\"https:\\\/\\\/ai.sumurdigital.com\\\/?s={search_term_string}\"},\"query-input\":{\"@type\":\"PropertyValueSpecification\",\"valueRequired\":true,\"valueName\":\"search_term_string\"}}],\"inLanguage\":\"es\"},{\"@type\":\"Organization\",\"@id\":\"https:\\\/\\\/ai.sumurdigital.com\\\/#organization\",\"name\":\"Sumurdigital\",\"url\":\"https:\\\/\\\/ai.sumurdigital.com\\\/\",\"logo\":{\"@type\":\"ImageObject\",\"inLanguage\":\"es\",\"@id\":\"https:\\\/\\\/ai.sumurdigital.com\\\/#\\\/schema\\\/logo\\\/image\\\/\",\"url\":\"https:\\\/\\\/ai.sumurdigital.com\\\/wp-content\\\/uploads\\\/Dashboard-Icon-cliente.png\",\"contentUrl\":\"https:\\\/\\\/ai.sumurdigital.com\\\/wp-content\\\/uploads\\\/Dashboard-Icon-cliente.png\",\"width\":200,\"height\":34,\"caption\":\"Sumurdigital\"},\"image\":{\"@id\":\"https:\\\/\\\/ai.sumurdigital.com\\\/#\\\/schema\\\/logo\\\/image\\\/\"}}]}<\/script>\n<!-- \/ Yoast SEO plugin. -->","yoast_head_json":{"title":"Pol\u00edtica de cookies - Sumurdigital","robots":{"index":"noindex","follow":"nofollow"},"og_locale":"es_ES","og_type":"article","og_title":"Pol\u00edtica de cookies - Sumurdigital","og_description":"Pol\u00edtica de Cookies","og_url":"https:\/\/ai.sumurdigital.com\/?page_id=87","og_site_name":"Sumurdigital","article_modified_time":"2022-09-06T09:29:17+00:00","twitter_card":"summary_large_image","twitter_misc":{"Tiempo de lectura":"5 minutos"},"schema":{"@context":"https:\/\/schema.org","@graph":[{"@type":"WebPage","@id":"https:\/\/ai.sumurdigital.com\/?page_id=87","url":"https:\/\/ai.sumurdigital.com\/?page_id=87","name":"Pol\u00edtica de cookies - Sumurdigital","isPartOf":{"@id":"https:\/\/ai.sumurdigital.com\/#website"},"datePublished":"2021-11-25T19:18:44+00:00","dateModified":"2022-09-06T09:29:17+00:00","breadcrumb":{"@id":"https:\/\/ai.sumurdigital.com\/?page_id=87#breadcrumb"},"inLanguage":"es","potentialAction":[{"@type":"ReadAction","target":["https:\/\/ai.sumurdigital.com\/?page_id=87"]}]},{"@type":"BreadcrumbList","@id":"https:\/\/ai.sumurdigital.com\/?page_id=87#breadcrumb","itemListElement":[{"@type":"ListItem","position":1,"name":"Portada","item":"https:\/\/ai.sumurdigital.com\/"},{"@type":"ListItem","position":2,"name":"Pol\u00edtica de cookies"}]},{"@type":"WebSite","@id":"https:\/\/ai.sumurdigital.com\/#website","url":"https:\/\/ai.sumurdigital.com\/","name":"Sumurdigital","description":"Demo Web","publisher":{"@id":"https:\/\/ai.sumurdigital.com\/#organization"},"potentialAction":[{"@type":"SearchAction","target":{"@type":"EntryPoint","urlTemplate":"https:\/\/ai.sumurdigital.com\/?s={search_term_string}"},"query-input":{"@type":"PropertyValueSpecification","valueRequired":true,"valueName":"search_term_string"}}],"inLanguage":"es"},{"@type":"Organization","@id":"https:\/\/ai.sumurdigital.com\/#organization","name":"Sumurdigital","url":"https:\/\/ai.sumurdigital.com\/","logo":{"@type":"ImageObject","inLanguage":"es","@id":"https:\/\/ai.sumurdigital.com\/#\/schema\/logo\/image\/","url":"https:\/\/ai.sumurdigital.com\/wp-content\/uploads\/Dashboard-Icon-cliente.png","contentUrl":"https:\/\/ai.sumurdigital.com\/wp-content\/uploads\/Dashboard-Icon-cliente.png","width":200,"height":34,"caption":"Sumurdigital"},"image":{"@id":"https:\/\/ai.sumurdigital.com\/#\/schema\/logo\/image\/"}}]}},"_links":{"self":[{"href":"https:\/\/ai.sumurdigital.com\/index.php?rest_route=\/wp\/v2\/pages\/87","targetHints":{"allow":["GET"]}}],"collection":[{"href":"https:\/\/ai.sumurdigital.com\/index.php?rest_route=\/wp\/v2\/pages"}],"about":[{"href":"https:\/\/ai.sumurdigital.com\/index.php?rest_route=\/wp\/v2\/types\/page"}],"author":[{"embeddable":true,"href":"https:\/\/ai.sumurdigital.com\/index.php?rest_route=\/wp\/v2\/users\/1"}],"replies":[{"embeddable":true,"href":"https:\/\/ai.sumurdigital.com\/index.php?rest_route=%2Fwp%2Fv2%2Fcomments&post=87"}],"version-history":[{"count":40,"href":"https:\/\/ai.sumurdigital.com\/index.php?rest_route=\/wp\/v2\/pages\/87\/revisions"}],"predecessor-version":[{"id":2910,"href":"https:\/\/ai.sumurdigital.com\/index.php?rest_route=\/wp\/v2\/pages\/87\/revisions\/2910"}],"wp:attachment":[{"href":"https:\/\/ai.sumurdigital.com\/index.php?rest_route=%2Fwp%2Fv2%2Fmedia&parent=87"}],"curies":[{"name":"wp","href":"https:\/\/api.w.org\/{rel}","templated":true}]}}