{"id":15,"date":"2021-11-24T19:28:42","date_gmt":"2021-11-24T18:28:42","guid":{"rendered":"https:\/\/ai.sumurdigital.com\/?page_id=15"},"modified":"2022-09-06T11:17:52","modified_gmt":"2022-09-06T09:17:52","slug":"politica-de-privacidad","status":"publish","type":"page","link":"https:\/\/ai.sumurdigital.com\/?page_id=15","title":{"rendered":"Pol\u00edtica de privacidad"},"content":{"rendered":"\t\t<div data-elementor-type=\"wp-page\" data-elementor-id=\"15\" class=\"elementor elementor-15\" data-elementor-post-type=\"page\">\n\t\t\t\t\t\t\t\t\t<section class=\"elementor-section elementor-top-section elementor-element elementor-element-4187faa elementor-section-boxed elementor-section-height-default elementor-section-height-default\" data-id=\"4187faa\" data-element_type=\"section\" data-settings=\"{&quot;jet_parallax_layout_list&quot;:[]}\">\n\t\t\t\t\t\t<div class=\"elementor-container elementor-column-gap-default\">\n\t\t\t\t\t<div class=\"elementor-column elementor-col-100 elementor-top-column elementor-element elementor-element-15b8833\" data-id=\"15b8833\" data-element_type=\"column\">\n\t\t\t<div class=\"elementor-widget-wrap elementor-element-populated\">\n\t\t\t\t\t\t\t\t<div class=\"elementor-element elementor-element-655fe64 elementor-widget elementor-widget-heading\" data-id=\"655fe64\" data-element_type=\"widget\" data-widget_type=\"heading.default\">\n\t\t\t\t<div class=\"elementor-widget-container\">\n\t\t\t<style>\/*! elementor - v3.15.0 - 02-08-2023 *\/\n.elementor-heading-title{padding:0;margin:0;line-height:1}.elementor-widget-heading .elementor-heading-title[class*=elementor-size-]>a{color:inherit;font-size:inherit;line-height:inherit}.elementor-widget-heading .elementor-heading-title.elementor-size-small{font-size:15px}.elementor-widget-heading .elementor-heading-title.elementor-size-medium{font-size:19px}.elementor-widget-heading .elementor-heading-title.elementor-size-large{font-size:29px}.elementor-widget-heading .elementor-heading-title.elementor-size-xl{font-size:39px}.elementor-widget-heading .elementor-heading-title.elementor-size-xxl{font-size:59px}<\/style><h1 class=\"elementor-heading-title elementor-size-default\">Pol\u00edtica de Privacidad<\/h1>\t\t<\/div>\n\t\t\t\t<\/div>\n\t\t\t\t<div class=\"elementor-element elementor-element-08cadc8 aviso_legal elementor-widget elementor-widget-text-editor\" data-id=\"08cadc8\" data-element_type=\"widget\" data-widget_type=\"text-editor.default\">\n\t\t\t\t<div class=\"elementor-widget-container\">\n\t\t\t<style>\/*! elementor - v3.15.0 - 02-08-2023 *\/\n.elementor-widget-text-editor.elementor-drop-cap-view-stacked .elementor-drop-cap{background-color:#69727d;color:#fff}.elementor-widget-text-editor.elementor-drop-cap-view-framed .elementor-drop-cap{color:#69727d;border:3px solid;background-color:transparent}.elementor-widget-text-editor:not(.elementor-drop-cap-view-default) .elementor-drop-cap{margin-top:8px}.elementor-widget-text-editor:not(.elementor-drop-cap-view-default) .elementor-drop-cap-letter{width:1em;height:1em}.elementor-widget-text-editor .elementor-drop-cap{float:left;text-align:center;line-height:1;font-size:50px}.elementor-widget-text-editor .elementor-drop-cap-letter{display:inline-block}<\/style>\t\t\t\t<p><strong>23 DIGITAL STUDIO S.L<\/strong> informa al usuario de que el tratamiento de todos los datos de car\u00e1cter personal se realiza de conformidad con lo dispuesto en la Ley Org\u00e1nica 15\/1999, de 13 de diciembre de Protecci\u00f3n de Datos y con el Real Decreto 1720\/2007, de 21 de diciembre, por el que se aprueba el Reglamento de desarrollo de la Ley Org\u00e1nica 15\/1999, de 13 de diciembre, de Protecci\u00f3n de Datos de Car\u00e1cter personal.<\/p>\n<p><strong>23 DIGITAL STUDIO S.L<\/strong>, se compromete a garantizar la seguridad y confidencialidad de los datos de car\u00e1cter personal facilitados por sus clientes y usuarios de acuerdo con las leyes de protecci\u00f3n de datos y privacidad.<\/p>\n<p>Te aconsejamos que dediques unos minutos a leer esta Pol\u00edtica de Privacidad y que lo hagas cada vez que visites nuestra p\u00e1gina Web, para ayudarte a entender c\u00f3mo recopilamos, empleamos, tratamos y protegemos tus datos personales.<\/p>\n<h2>\u00bfQui\u00e9n es el Responsable del tratamiento de tus datos?<\/h2>\n<ul>\n<li><strong> Sociedad inscrita:<\/strong> <\/li>\n<li><strong>Raz\u00f3n social es:<\/strong> 23 DIGITAL STUDIO S.L<\/li>\n<li><strong> Su NIF es:<\/strong> B23739055<\/li>\n<li><strong>Su domicilio social est\u00e1 en: <\/strong>Traves\u00eda MEN\u00c9NDEZ Y PELAYO, 13, LOCAL F, CP 23003 Ja\u00e9n.<\/li>\n<li><strong>Tfno: <\/strong>953 083 057<\/li>\n<li><strong>Email:<\/strong> <a href=\"mailto:dime@sumurdigital.com\" target=\"_blank\" rel=\"noopener\">dime@sumurdigital.com<\/a><\/li>\n<\/ul>\n<h2>Recopilaci\u00f3n de datos de car\u00e1cter personal<\/h2>\n<p>Puede que recopilemos datos, incluida informaci\u00f3n de car\u00e1cter personal tales como tu nombre, direcci\u00f3n, direcci\u00f3n de correo electr\u00f3nico, n\u00famero de tel\u00e9fono, informaci\u00f3n de inicio de sesi\u00f3n, preferencias de marketing, informaci\u00f3n de cuentas de redes sociales o datos bancarios, cuando:<\/p>\n<ul>\n<li>Solicites la descarga de nuestros contenidos.<\/li>\n<li>Realices un pedido.<\/li>\n<li>Cumplimentas alg\u00fan formulario en nuestra Web o participas en alguna encuesta o comentarios.<\/li>\n<li>Navegues por nuestra p\u00e1gina Web.<\/li>\n<li>Interact\u00faes con nosotros en Redes Sociales y blogs.<\/li>\n<li>Contactes con nosotros por otros medios tales como tel\u00e9fono, correo electr\u00f3nico, correo postal o fax.<\/li>\n<li>Te registres para utilizar cualquiera de nuestros servicios.<\/li>\n<\/ul>\n<p>Dicha informaci\u00f3n la mantendremos almacenada mientras no solicites su supresi\u00f3n.<\/p>\n<p>Ten en cuenta que nuestra p\u00e1gina Web y nuestras aplicaciones y servicios, pueden tener tecnolog\u00edas que nos permitan comprobar su uso, detectar posibles errores t\u00e9cnicos o incidencias, recopilar informaci\u00f3n del modo en que se utilizan y del sistema operativo o del entorno en el que se usan.<\/p>\n<h2>\u00bfCon qu\u00e9 finalidad tratamos tus datos personales?<\/h2>\n<p>Usamos sus datos para:<\/p>\n<ul>\n<li>Responder a tus preguntas.<\/li>\n<li>Satisfacer tus peticiones y\/o procesar tus pedidos, incluidas las transacciones de pago.<\/li>\n<li>Mantener, mejorar y proteger las aplicaciones o servicios que nos hayas solicitado, as\u00ed como prestar servicio de atenci\u00f3n al cliente.<\/li>\n<li>Ejecuci\u00f3n del contrato de suscripci\u00f3n para hacerte llegar informaci\u00f3n que sea de tu inter\u00e9s a trav\u00e9s de nuestros canales de comunicaci\u00f3n.<\/li>\n<li>Obtenci\u00f3n de tu consentimiento para responder a las cuestiones que nos planteas a trav\u00e9s de nuestros formularios de contacto y de comentarios.<\/li>\n<li>Enviarte encuestas con el objetivo de evaluar, mantener y mejorar nuestros contenidos Web, aplicaciones y servicios para ofrecerte una mejor experiencia como usuario.<\/li>\n<li>Enviarte publicidad de nuestros productos o servicios o de productos o servicios relacionados con los que ya nos has solicitado.<\/li>\n<li>Personalizar tu experiencia en nuestra Web.<\/li>\n<li>Gestionar solicitudes de trabajo.<\/li>\n<\/ul>\n<h2>\u00bfPor cu\u00e1nto tiempo conservamos tus datos?<\/h2>\n<p>Los datos personales que nos proporciones se conservar\u00e1n mientras se mantenga la relaci\u00f3n comercial y\/o no solicites la supresi\u00f3n de los mismos.<\/p>\n<h2>\u00bfCu\u00e1l es la legitimaci\u00f3n para el tratamiento de tus datos?<\/h2>\n<p>Las bases legales para el tratamiento de tus datos son las siguientes:<\/p>\n<ul>\n<li>Ejecuci\u00f3n del contrato de suscripci\u00f3n para hacerte llegar informaci\u00f3n que sea de tu inter\u00e9s a trav\u00e9s de nuestros canales de comunicaci\u00f3n.<\/li>\n<li>Obtenci\u00f3n de tu consentimiento para responder a las cuestiones que nos planteas a trav\u00e9s de nuestros formularios de contacto y de comentarios.<\/li>\n<\/ul>\n<p>Recuerda que no est\u00e1s obligado a darnos tu consentimiento para el tratamiento de tus datos, pero de no hacerlo, <strong>23 DIGITAL STUDIO S.L<\/strong> no podr\u00e1 hacerte llegar informaci\u00f3n que sea de tu inter\u00e9s a trav\u00e9s de nuestros canales de comunicaci\u00f3n.<\/p>\n<h2>\u00bfA qu\u00e9 destinatarios se comunicar\u00e1n tus datos de car\u00e1cter personal?<\/h2>\n<p>Para poder ofrecerte nuestros servicios con una mejor calidad y cumplir con nuestras obligaciones fiscales, te hacemos saber que los datos que t\u00fa nos facilites pueden ser cedidos a:<\/p>\n<ul>\n<li><a href=\"https:\/\/www.ovh.es\/\" target=\"_blank\" rel=\"noopener noreferrer\">OVH<\/a>, OVH HISPANO S.L.U. &#8211; C\/ Alcal\u00e1 21, 5\u00aa planta, 28014 Madrid (Espa\u00f1a) , encargado de proporcionar el hosting y el dominio para esta web.<\/li>\n<li><a href=\"https:\/\/automattic.com\/\" target=\"_blank\" rel=\"noopener noreferrer\">Automattic Inc.<\/a>, encargado del desarrollo del CMS WordPress, utilizado para el dise\u00f1o y desarrollo de esta web y sujeto al acuerdo <a href=\"https:\/\/www.privacyshield.gov\/participant?id=a2zt0000000CbqcAAC&amp;status=Active\" target=\"_blank\" rel=\"noopener noreferrer\">EU-US Privacy Shield<\/a>.<\/li>\n<li><a href=\"https:\/\/google.com\/\" target=\"_blank\" rel=\"noopener noreferrer\">Google LLC<\/a>, encargado de la recogida de anal\u00edticas de esta web y sujeto al acuerdo <a href=\"https:\/\/www.privacyshield.gov\/participant?id=a2zt000000001L5AAI&amp;status=Active\" target=\"_blank\" rel=\"noopener noreferrer\">EU-US Privacy Shield<\/a>.<\/li>\n<\/ul>\n<h2>\u00bfCu\u00e1les son tus derechos cuando nos facilitas tus datos personales?<\/h2>\n<p>La pol\u00edtica de privacidad de <strong>23 DIGITAL STUDIO S.L<\/strong>. te asegura, en todo caso, el ejercicio de tus derechos en los t\u00e9rminos establecidos en la legislaci\u00f3n vigente. Puedes hacerlo dirigiendo un escrito a <strong>Traves\u00eda MEN\u00c9NDEZ Y PELAYO, 13, LOCAL F, CP 23003 Ja\u00e9n<\/strong>. , o bien enviando un correo electr\u00f3nico a\u00a0<a href=\"mailto:dime@sumurdigital.com\" target=\"_blank\" rel=\"noopener\">dime@sumurdigital.com<\/a><\/p>\n<p>Concretamente, cualquier persona tiene derecho a:<\/p>\n<ul>\n<li>A saber <strong>si estamos tratando sus datos o no<\/strong>, c\u00f3mo los estamos tratando y a tener acceso a los mismos.<\/li>\n<li>A <strong>solicitar la rectificaci\u00f3n<\/strong> de sus datos si son inexactos o incluso la supresi\u00f3n de sus datos si ya no son necesarios para los fines para los que fueron recogidos o si no retira el consentimiento otorgado.<\/li>\n<li>A <strong>oponerse<\/strong> al tratamiento de sus datos.<\/li>\n<li>En algunos supuestos, a solicitar la limitaci\u00f3n del tratamiento de sus datos, en cuyo caso s\u00f3lo los conservaremos de acuerdo con la normativa vigente.<\/li>\n<li><strong>A disponer de los datos<\/strong> que haya facilitado electr\u00f3nicamente, en un formato estructurado, de uso com\u00fan o lectura mec\u00e1nica. Si lo prefiere, que se env\u00eden esos datos a otra empresa (si es t\u00e9cnicamente posible).<\/li>\n<li>Derecho a <strong>rectificar tus datos<\/strong>, cuando sean inexactos o cuando est\u00e9n incompletos.<\/li>\n<li>A presentar una reclamaci\u00f3n ante la Agencia Espa\u00f1ola de Protecci\u00f3n de Datos, si cree que no se le ha atendido correctamente.<\/li>\n<li>A <strong>revocar el consentimiento <\/strong>para cualquier tratamiento para el que hayas consentido, en cualquier momento.<\/li>\n<\/ul>\n<p>Si modificas alg\u00fan dato, te agradecemos que nos lo comuniques para mantenerlos actualizados.<\/p>\n<p>Asimismo, te informamos de que puedes presentar una reclamaci\u00f3n ante la <a href=\"http:\/\/www.agpd.es\" target=\"_blank\" rel=\"noopener noreferrer\">Agencia Espa\u00f1ola de Protecci\u00f3n de Datos<\/a>, especialmente cuando no hayas obtenido satisfacci\u00f3n en el ejercicio de tus derechos.<\/p>\n<h2>\u00bfC\u00f3mo hemos obtenido tus datos?<\/h2>\n<p>Toda la informaci\u00f3n personal que tenemos nos la has facilitado presencialmente, a trav\u00e9s del formulario de contacto, a trav\u00e9s de nuestra p\u00e1gina Web o por correo electr\u00f3nico. Solo en casos excepcionales completaremos la informaci\u00f3n que nos facilitas con fuentes p\u00fablicas.<\/p>\n<p>Los datos de car\u00e1cter personal que tratamos son principalmente datos de identificaci\u00f3n y contacto tales como, nombre, direcci\u00f3n, direcci\u00f3n de correo electr\u00f3nico, n\u00famero de tel\u00e9fono; datos relativos a preferencias de marketing, y en caso de compra online o contrataci\u00f3n de alg\u00fan servicio, datos bancarios.<\/p>\n<p>No se tratan datos especialmente protegidos<\/p>\n<h2>Nuestro compromiso en materia de privacidad<\/h2>\n<p>Para garantizar la seguridad de tus datos de car\u00e1cter personal, comunicamos nuestras directrices en materia de privacidad y seguridad a todos nuestros empleados y adoptamos las medidas correspondientes para proteger la privacidad dentro de la empresa.<\/p>\n<h2>Mantenimiento de la Pol\u00edtica de Privacidad<\/h2>\n<p><strong>23 DIGITAL STUDIO S.L<\/strong> se reserva el derecho a enmendar o modificar esta Pol\u00edtica de Privacidad en cualquier momento y\/o en respuesta a los cambios que afecten a la legislaci\u00f3n aplicable en materia de privacidad y protecci\u00f3n de datos.<\/p>\n<p>Si por cualquier causa decidi\u00e9ramos utilizar la informaci\u00f3n personal e identificable de manera diferente a la establecida hasta ahora, te lo notificar\u00edamos v\u00eda correo electr\u00f3nico. Tendr\u00e1s la posibilidad de autorizarnos o no, a utilizar esta informaci\u00f3n de manera diferente. Utilizaremos la informaci\u00f3n de acuerdo con la pol\u00edtica de privacidad bajo la que recogimos la informaci\u00f3n.<\/p>\n<h2>Cookies y otras tecnolog\u00edas<\/h2>\n<p>Al navegar por nuestra p\u00e1gina Web, podremos recabar cierta informaci\u00f3n como, versi\u00f3n del navegador, direcci\u00f3n IP, sistema operativo, proveedor de internet, n\u00famero de accesos, fecha\/hora, etc. Recopilamos estos datos con la intenci\u00f3n de administrar nuestra Web, as\u00ed como para conocer la conducta de nuestros clientes y poder personalizar los productos y\/o servicios que ofrecer a los mismos. Todos los datos que de alguna manera puedan servir para identificarte y que por tanto, se consideren datos de car\u00e1cter personal, ser\u00e1n tratados como tales por <strong>23 DIGITAL STUDIO S.L<\/strong>.<\/p>\n<p>En algunos de nuestros mensajes de correo electr\u00f3nico podremos utilizar un enlace personalizado, vinculado a la Web de <strong>23 DIGITAL STUDIO S.L.<\/strong> Al hacer clic en alguno de estos enlaces, el cliente pasa directamente a la p\u00e1gina de destino dentro de nuestra Web. En este sentido podremos hacer un seguimiento en nuestra Web de los clics recibidos, para determinar los intereses sobre temas espec\u00edficos y valorar la eficacia de nuestras comunicaciones a clientes. Si no quieres que realicemos ese seguimiento, no hagas clic en los v\u00ednculos textuales o gr\u00e1ficos incluidos en los mensajes de correo electr\u00f3nico.<\/p>\n<p>Para obtener m\u00e1s informaci\u00f3n le recomendamos que revise nuestra\u00a0<a href=\"\/politica-de-cookies\/\">pol\u00edtica de cookies<\/a>.<\/p>\n\t\t\t\t\t\t<\/div>\n\t\t\t\t<\/div>\n\t\t\t\t\t<\/div>\n\t\t<\/div>\n\t\t\t\t\t\t\t<\/div>\n\t\t<\/section>\n\t\t\t\t\t\t\t<\/div>\n\t\t","protected":false},"excerpt":{"rendered":"<p>Pol\u00edtica de Privacidad<\/p>\n","protected":false},"author":1,"featured_media":0,"parent":0,"menu_order":0,"comment_status":"closed","ping_status":"closed","template":"elementor_header_footer","meta":{"inline_featured_image":false,"footnotes":""},"class_list":["post-15","page","type-page","status-publish","hentry"],"yoast_head":"<!-- This site is optimized with the Yoast SEO plugin v27.3 - https:\/\/yoast.com\/product\/yoast-seo-wordpress\/ -->\n<title>Pol\u00edtica de privacidad - Sumurdigital<\/title>\n<meta name=\"robots\" content=\"noindex, nofollow\" \/>\n<meta property=\"og:locale\" content=\"es_ES\" \/>\n<meta property=\"og:type\" content=\"article\" \/>\n<meta property=\"og:title\" content=\"Pol\u00edtica de privacidad - Sumurdigital\" \/>\n<meta property=\"og:description\" content=\"Pol\u00edtica de Privacidad\" \/>\n<meta property=\"og:url\" content=\"https:\/\/ai.sumurdigital.com\/?page_id=15\" \/>\n<meta property=\"og:site_name\" content=\"Sumurdigital\" \/>\n<meta property=\"article:modified_time\" content=\"2022-09-06T09:17:52+00:00\" \/>\n<meta name=\"twitter:card\" content=\"summary_large_image\" \/>\n<meta name=\"twitter:label1\" content=\"Tiempo de lectura\" \/>\n\t<meta name=\"twitter:data1\" content=\"7 minutos\" \/>\n<script type=\"application\/ld+json\" class=\"yoast-schema-graph\">{\"@context\":\"https:\\\/\\\/schema.org\",\"@graph\":[{\"@type\":\"WebPage\",\"@id\":\"https:\\\/\\\/ai.sumurdigital.com\\\/?page_id=15\",\"url\":\"https:\\\/\\\/ai.sumurdigital.com\\\/?page_id=15\",\"name\":\"Pol\u00edtica de privacidad - Sumurdigital\",\"isPartOf\":{\"@id\":\"https:\\\/\\\/ai.sumurdigital.com\\\/#website\"},\"datePublished\":\"2021-11-24T18:28:42+00:00\",\"dateModified\":\"2022-09-06T09:17:52+00:00\",\"breadcrumb\":{\"@id\":\"https:\\\/\\\/ai.sumurdigital.com\\\/?page_id=15#breadcrumb\"},\"inLanguage\":\"es\",\"potentialAction\":[{\"@type\":\"ReadAction\",\"target\":[\"https:\\\/\\\/ai.sumurdigital.com\\\/?page_id=15\"]}]},{\"@type\":\"BreadcrumbList\",\"@id\":\"https:\\\/\\\/ai.sumurdigital.com\\\/?page_id=15#breadcrumb\",\"itemListElement\":[{\"@type\":\"ListItem\",\"position\":1,\"name\":\"Portada\",\"item\":\"https:\\\/\\\/ai.sumurdigital.com\\\/\"},{\"@type\":\"ListItem\",\"position\":2,\"name\":\"Pol\u00edtica de privacidad\"}]},{\"@type\":\"WebSite\",\"@id\":\"https:\\\/\\\/ai.sumurdigital.com\\\/#website\",\"url\":\"https:\\\/\\\/ai.sumurdigital.com\\\/\",\"name\":\"Sumurdigital\",\"description\":\"Demo Web\",\"publisher\":{\"@id\":\"https:\\\/\\\/ai.sumurdigital.com\\\/#organization\"},\"potentialAction\":[{\"@type\":\"SearchAction\",\"target\":{\"@type\":\"EntryPoint\",\"urlTemplate\":\"https:\\\/\\\/ai.sumurdigital.com\\\/?s={search_term_string}\"},\"query-input\":{\"@type\":\"PropertyValueSpecification\",\"valueRequired\":true,\"valueName\":\"search_term_string\"}}],\"inLanguage\":\"es\"},{\"@type\":\"Organization\",\"@id\":\"https:\\\/\\\/ai.sumurdigital.com\\\/#organization\",\"name\":\"Sumurdigital\",\"url\":\"https:\\\/\\\/ai.sumurdigital.com\\\/\",\"logo\":{\"@type\":\"ImageObject\",\"inLanguage\":\"es\",\"@id\":\"https:\\\/\\\/ai.sumurdigital.com\\\/#\\\/schema\\\/logo\\\/image\\\/\",\"url\":\"https:\\\/\\\/ai.sumurdigital.com\\\/wp-content\\\/uploads\\\/Dashboard-Icon-cliente.png\",\"contentUrl\":\"https:\\\/\\\/ai.sumurdigital.com\\\/wp-content\\\/uploads\\\/Dashboard-Icon-cliente.png\",\"width\":200,\"height\":34,\"caption\":\"Sumurdigital\"},\"image\":{\"@id\":\"https:\\\/\\\/ai.sumurdigital.com\\\/#\\\/schema\\\/logo\\\/image\\\/\"}}]}<\/script>\n<!-- \/ Yoast SEO plugin. -->","yoast_head_json":{"title":"Pol\u00edtica de privacidad - Sumurdigital","robots":{"index":"noindex","follow":"nofollow"},"og_locale":"es_ES","og_type":"article","og_title":"Pol\u00edtica de privacidad - Sumurdigital","og_description":"Pol\u00edtica de Privacidad","og_url":"https:\/\/ai.sumurdigital.com\/?page_id=15","og_site_name":"Sumurdigital","article_modified_time":"2022-09-06T09:17:52+00:00","twitter_card":"summary_large_image","twitter_misc":{"Tiempo de lectura":"7 minutos"},"schema":{"@context":"https:\/\/schema.org","@graph":[{"@type":"WebPage","@id":"https:\/\/ai.sumurdigital.com\/?page_id=15","url":"https:\/\/ai.sumurdigital.com\/?page_id=15","name":"Pol\u00edtica de privacidad - Sumurdigital","isPartOf":{"@id":"https:\/\/ai.sumurdigital.com\/#website"},"datePublished":"2021-11-24T18:28:42+00:00","dateModified":"2022-09-06T09:17:52+00:00","breadcrumb":{"@id":"https:\/\/ai.sumurdigital.com\/?page_id=15#breadcrumb"},"inLanguage":"es","potentialAction":[{"@type":"ReadAction","target":["https:\/\/ai.sumurdigital.com\/?page_id=15"]}]},{"@type":"BreadcrumbList","@id":"https:\/\/ai.sumurdigital.com\/?page_id=15#breadcrumb","itemListElement":[{"@type":"ListItem","position":1,"name":"Portada","item":"https:\/\/ai.sumurdigital.com\/"},{"@type":"ListItem","position":2,"name":"Pol\u00edtica de privacidad"}]},{"@type":"WebSite","@id":"https:\/\/ai.sumurdigital.com\/#website","url":"https:\/\/ai.sumurdigital.com\/","name":"Sumurdigital","description":"Demo Web","publisher":{"@id":"https:\/\/ai.sumurdigital.com\/#organization"},"potentialAction":[{"@type":"SearchAction","target":{"@type":"EntryPoint","urlTemplate":"https:\/\/ai.sumurdigital.com\/?s={search_term_string}"},"query-input":{"@type":"PropertyValueSpecification","valueRequired":true,"valueName":"search_term_string"}}],"inLanguage":"es"},{"@type":"Organization","@id":"https:\/\/ai.sumurdigital.com\/#organization","name":"Sumurdigital","url":"https:\/\/ai.sumurdigital.com\/","logo":{"@type":"ImageObject","inLanguage":"es","@id":"https:\/\/ai.sumurdigital.com\/#\/schema\/logo\/image\/","url":"https:\/\/ai.sumurdigital.com\/wp-content\/uploads\/Dashboard-Icon-cliente.png","contentUrl":"https:\/\/ai.sumurdigital.com\/wp-content\/uploads\/Dashboard-Icon-cliente.png","width":200,"height":34,"caption":"Sumurdigital"},"image":{"@id":"https:\/\/ai.sumurdigital.com\/#\/schema\/logo\/image\/"}}]}},"_links":{"self":[{"href":"https:\/\/ai.sumurdigital.com\/index.php?rest_route=\/wp\/v2\/pages\/15","targetHints":{"allow":["GET"]}}],"collection":[{"href":"https:\/\/ai.sumurdigital.com\/index.php?rest_route=\/wp\/v2\/pages"}],"about":[{"href":"https:\/\/ai.sumurdigital.com\/index.php?rest_route=\/wp\/v2\/types\/page"}],"author":[{"embeddable":true,"href":"https:\/\/ai.sumurdigital.com\/index.php?rest_route=\/wp\/v2\/users\/1"}],"replies":[{"embeddable":true,"href":"https:\/\/ai.sumurdigital.com\/index.php?rest_route=%2Fwp%2Fv2%2Fcomments&post=15"}],"version-history":[{"count":39,"href":"https:\/\/ai.sumurdigital.com\/index.php?rest_route=\/wp\/v2\/pages\/15\/revisions"}],"predecessor-version":[{"id":2897,"href":"https:\/\/ai.sumurdigital.com\/index.php?rest_route=\/wp\/v2\/pages\/15\/revisions\/2897"}],"wp:attachment":[{"href":"https:\/\/ai.sumurdigital.com\/index.php?rest_route=%2Fwp%2Fv2%2Fmedia&parent=15"}],"curies":[{"name":"wp","href":"https:\/\/api.w.org\/{rel}","templated":true}]}}